{"id":6079,"date":"2020-01-15T08:39:12","date_gmt":"2020-01-15T07:39:12","guid":{"rendered":"https:\/\/www-topparrangement.wp2.hcweb.dev\/?page_id=6079"},"modified":"2026-04-27T10:31:34","modified_gmt":"2026-04-27T08:31:34","slug":"forside","status":"publish","type":"page","link":"https:\/\/www.topparrangement.no\/en\/","title":{"rendered":"Top Arrangement"},"content":{"rendered":"\n<h1>\n\t\t\tEventbyr\u00e5et Topp Arrangement \t<\/h1>\n<h2>\n\t\t\tStore ting skjer der mennesker m\u00f8tes\t<\/h2>\n\t\t\t<a href=\"https:\/\/www.topparrangement.no\/kontakt\/\"  target=\"_self\">\n\t\t\t\t\t\t\tKontakt oss\n\t\t\t\t\t<\/a>\n\t<p>Vi er et fullservice eventbyr\u00e5 som produserer og leverer innhold til sosiale og faglige arrangement i alle st\u00f8rrelser<\/p>\n<h2>\n\t\t<a href=\"https:\/\/www.topparrangement.no\/event\/\" title=\"Event\"  target=\"_self\">\n\t\t\t<\/a><a href=\"https:\/\/www.topparrangement.no\/event\/\" title=\"Event\"> Event <\/a>\t\t\n\t<\/h2>\n\t\t\t\t\t\t<a aria-label=\"\" href=\"https:\/\/www.topparrangement.no\/event\/\" target=\"_self\">\n\t\t\t\t\t\t\t<\/a>\n\t<a href=\"https:\/\/www.topparrangement.no\/event\/\">Sosiale arrangement<\/a><br \/>\n<a href=\"https:\/\/www.topparrangement.no\/event\/teambuilding\/\">Teambuilding<\/a><br \/>\n<a href=\"https:\/\/www.topparrangement.no\/event\/kundearrangement\/\">Kundekveld<\/a><br \/>\n<a href=\"https:\/\/www.topparrangement.no\/event\/total-makeover\/\">Event p\u00e5 eget Bygg<\/a><strong><br \/>\n<\/strong>\n<h2>\n\t\t<a href=\"https:\/\/www.topparrangement.no\/artistformidling\/\" title=\"Artistformidling\"  target=\"_self\">\n\t\t\t<\/a><a href=\"https:\/\/www.topparrangement.no\/artistformidling\/\" title=\"Artistformidling\"> Artistformidling <\/a>\t\t\n\t<\/h2>\n\t\t\t\t\t\t<a aria-label=\"\" href=\"https:\/\/www.topparrangement.no\/artistformidling\/\" target=\"_self\">\n\t\t\t\t\t\t\t<\/a>\n\t<a href=\"https:\/\/www.topparrangement.no\/kategori\/artistformidling\/komikere\/\">Komikere<\/a><br \/>\n<a href=\"https:\/\/www.topparrangement.no\/kategori\/artistformidling\/artister\/\">Artister<\/a><br \/>\n<a href=\"https:\/\/www.topparrangement.no\/kategori\/artistformidling\/dinnershow\/\">Dinnershow<\/a><br \/>\n<a href=\"https:\/\/www.topparrangement.no\/kategori\/artistformidling\/band-trubadur-og-dj\/\">Band, trubadur &amp; DJ<\/a>\n<h2>\n\t\t<a href=\"https:\/\/www.topparrangement.no\/konferanse\/\" title=\"Konferanse\"  target=\"_self\">\n\t\t\t<\/a><a href=\"https:\/\/www.topparrangement.no\/konferanse\/\" title=\"Konferanse\"> Konferanse <\/a>\t\t\n\t<\/h2>\n\t\t\t\t\t\t<a aria-label=\"\" href=\"https:\/\/www.topparrangement.no\/konferanse\/\" target=\"_self\">\n\t\t\t\t\t\t\t<\/a>\n\t<a href=\"https:\/\/www.topparrangement.no\/konferanse\/totalproduksjon-konferanse\/\">Total produksjon<\/a><br \/>\n<a href=\"https:\/\/www.topparrangement.no\/konferanse\/prosjektledelse-konferanse\/\">Prosjektledelse<\/a><br \/>\n<a href=\"https:\/\/www.topparrangement.no\/faglig-kick-off\/\">Kickoff<\/a><br \/>\n<a href=\"https:\/\/www.topparrangement.no\/konferanse\/foredrag-og-kurs\/\">Foredrag, kurs &amp; workshop<\/a><strong><br \/>\n<\/strong>\n<h2>\n\t\t\tKontakt oss\t<\/h2>\n\t<p>Kontakt oss p\u00e5 <a href=\"mailto:post@topparrangement.no\">post@topparrangement.no<\/a>\u00a0 eller <a href=\"tel:90501418\">90 50 14 18<\/a> for et uforpliktende tilbud.<\/p>\n\t\t<!-- Comment to fix spacing issue\n\t-->\n\t\t<h2>0+<\/h2>Forn\u00f8yde gjester\n\t<!-- Comment to fix spacing issue\n\t-->\t\n\t\t<!-- Comment to fix spacing issue\n\t-->\n\t\t<h2>0+<\/h2>\u00c5rs erfaring\n\t<!-- Comment to fix spacing issue\n\t-->\t\n\t\t<!-- Comment to fix spacing issue\n\t-->\n\t\t<h2>0+<\/h2>Artister og komikere\n\t<!-- Comment to fix spacing issue\n\t-->\t\n\t\t<!-- Comment to fix spacing issue\n\t-->\n\t\t<h2>0+<\/h2>Kj\u00f8replaner utarbeidet\n\t<!-- Comment to fix spacing issue\n\t-->\t\n\t\t\t\t\t\t<figure>\n\t\t\t\t\t\t\t<img decoding=\"async\" src=\"https:\/\/www.topparrangement.no\/wp-content\/uploads\/2026\/04\/ChatGPT-Image-11.-jan.-2026-15_12_39-1024x683.png\" alt=\"\" srcset=\"https:\/\/www.topparrangement.no\/wp-content\/uploads\/2026\/04\/ChatGPT-Image-11.-jan.-2026-15_12_39-1024x683.png 1024w, https:\/\/www.topparrangement.no\/wp-content\/uploads\/2026\/04\/ChatGPT-Image-11.-jan.-2026-15_12_39-300x200.png 300w, https:\/\/www.topparrangement.no\/wp-content\/uploads\/2026\/04\/ChatGPT-Image-11.-jan.-2026-15_12_39-18x12.png 18w, https:\/\/www.topparrangement.no\/wp-content\/uploads\/2026\/04\/ChatGPT-Image-11.-jan.-2026-15_12_39.png 1536w\" width=\"1024\" height=\"683\" \/>\n\t\t\t\t\t\t\t\t\t\t\t\t\t<\/figure>\n\t\t\t\t\t\t<figure>\n\t\t\t\t\t\t\t<img decoding=\"async\" src=\"https:\/\/www.topparrangement.no\/wp-content\/uploads\/2026\/04\/sumo-772x1024.jpg\" alt=\"\" srcset=\"https:\/\/www.topparrangement.no\/wp-content\/uploads\/2026\/04\/sumo-772x1024.jpg 772w, https:\/\/www.topparrangement.no\/wp-content\/uploads\/2026\/04\/sumo-226x300.jpg 226w, https:\/\/www.topparrangement.no\/wp-content\/uploads\/2026\/04\/sumo-9x12.jpg 9w, https:\/\/www.topparrangement.no\/wp-content\/uploads\/2026\/04\/sumo.jpg 856w\" width=\"772\" height=\"1024\" \/>\n\t\t\t\t\t\t\t\t\t\t\t\t\t<\/figure>\n\t\t\t\t\t\t<figure>\n\t\t\t\t\t\t\t<img decoding=\"async\" src=\"https:\/\/www.topparrangement.no\/wp-content\/uploads\/2026\/04\/Prosjektledelse-event.jpg\" alt=\"\" srcset=\"https:\/\/www.topparrangement.no\/wp-content\/uploads\/2026\/04\/Prosjektledelse-event.jpg 769w, https:\/\/www.topparrangement.no\/wp-content\/uploads\/2026\/04\/Prosjektledelse-event-238x300.jpg 238w, https:\/\/www.topparrangement.no\/wp-content\/uploads\/2026\/04\/Prosjektledelse-event-10x12.jpg 10w\" width=\"769\" height=\"970\" \/>\n\t\t\t\t\t\t\t\t\t\t\t\t\t<\/figure>\n\t\t\t\t\t\t<figure>\n\t\t\t\t\t\t\t<img decoding=\"async\" src=\"https:\/\/www.topparrangement.no\/wp-content\/uploads\/2026\/04\/Jul-firmafest.jpg\" alt=\"\" srcset=\"https:\/\/www.topparrangement.no\/wp-content\/uploads\/2026\/04\/Jul-firmafest.jpg 709w, https:\/\/www.topparrangement.no\/wp-content\/uploads\/2026\/04\/Jul-firmafest-231x300.jpg 231w, https:\/\/www.topparrangement.no\/wp-content\/uploads\/2026\/04\/Jul-firmafest-9x12.jpg 9w\" width=\"709\" height=\"922\" \/>\n\t\t\t\t\t\t\t\t\t\t\t\t\t<\/figure>\n\t\t\t\t\t\t<figure>\n\t\t\t\t\t\t\t<img decoding=\"async\" src=\"https:\/\/www.topparrangement.no\/wp-content\/uploads\/2026\/04\/Skjermbilde-2024-12-01-211034.png\" alt=\"\" srcset=\"https:\/\/www.topparrangement.no\/wp-content\/uploads\/2026\/04\/Skjermbilde-2024-12-01-211034.png 651w, https:\/\/www.topparrangement.no\/wp-content\/uploads\/2026\/04\/Skjermbilde-2024-12-01-211034-236x300.png 236w, https:\/\/www.topparrangement.no\/wp-content\/uploads\/2026\/04\/Skjermbilde-2024-12-01-211034-9x12.png 9w\" width=\"651\" height=\"829\" \/>\n\t\t\t\t\t\t\t\t\t\t\t\t\t<\/figure>\n\t\t\t\t\t\t<figure>\n\t\t\t\t\t\t\t<img decoding=\"async\" src=\"https:\/\/www.topparrangement.no\/wp-content\/uploads\/2026\/04\/Eventbyra.jpg\" alt=\"\" srcset=\"https:\/\/www.topparrangement.no\/wp-content\/uploads\/2026\/04\/Eventbyra.jpg 747w, https:\/\/www.topparrangement.no\/wp-content\/uploads\/2026\/04\/Eventbyra-235x300.jpg 235w, https:\/\/www.topparrangement.no\/wp-content\/uploads\/2026\/04\/Eventbyra-9x12.jpg 9w\" width=\"747\" height=\"955\" \/>\n\t\t\t\t\t\t\t\t\t\t\t\t\t<\/figure>\n\t\t\t\t\t\t<figure>\n\t\t\t\t\t\t\t<img decoding=\"async\" src=\"https:\/\/www.topparrangement.no\/wp-content\/uploads\/2026\/01\/Lonevag-10-1024x683.jpg\" alt=\"\" srcset=\"https:\/\/www.topparrangement.no\/wp-content\/uploads\/2026\/01\/Lonevag-10-1024x683.jpg 1024w, https:\/\/www.topparrangement.no\/wp-content\/uploads\/2026\/01\/Lonevag-10-300x200.jpg 300w, https:\/\/www.topparrangement.no\/wp-content\/uploads\/2026\/01\/Lonevag-10.jpg 1200w\" width=\"1024\" height=\"683\" \/>\n\t\t\t\t\t\t\t\t\t\t\t\t\t<\/figure>\n\t\t\t\t\t\t<figure>\n\t\t\t\t\t\t\t<img decoding=\"async\" src=\"https:\/\/www.topparrangement.no\/wp-content\/uploads\/2026\/04\/Alex-Rosen-firmafest.jpg\" alt=\"\" srcset=\"https:\/\/www.topparrangement.no\/wp-content\/uploads\/2026\/04\/Alex-Rosen-firmafest.jpg 639w, https:\/\/www.topparrangement.no\/wp-content\/uploads\/2026\/04\/Alex-Rosen-firmafest-235x300.jpg 235w, https:\/\/www.topparrangement.no\/wp-content\/uploads\/2026\/04\/Alex-Rosen-firmafest-9x12.jpg 9w\" width=\"639\" height=\"817\" \/>\n\t\t\t\t\t\t\t\t\t\t\t\t\t<\/figure>\n\t\t\t\t\t\t<figure>\n\t\t\t\t\t\t\t<img decoding=\"async\" src=\"https:\/\/www.topparrangement.no\/wp-content\/uploads\/2026\/04\/Breitorget-event.jpg\" alt=\"\" srcset=\"https:\/\/www.topparrangement.no\/wp-content\/uploads\/2026\/04\/Breitorget-event.jpg 640w, https:\/\/www.topparrangement.no\/wp-content\/uploads\/2026\/04\/Breitorget-event-234x300.jpg 234w, https:\/\/www.topparrangement.no\/wp-content\/uploads\/2026\/04\/Breitorget-event-9x12.jpg 9w\" width=\"640\" height=\"822\" \/>\n\t\t\t\t\t\t\t\t\t\t\t\t\t<\/figure>\n\t\t\t\t\t\t<figure>\n\t\t\t\t\t\t\t<img decoding=\"async\" src=\"https:\/\/www.topparrangement.no\/wp-content\/uploads\/2026\/04\/Eventbyra-catering.jpg\" alt=\"\" srcset=\"https:\/\/www.topparrangement.no\/wp-content\/uploads\/2026\/04\/Eventbyra-catering.jpg 774w, https:\/\/www.topparrangement.no\/wp-content\/uploads\/2026\/04\/Eventbyra-catering-240x300.jpg 240w, https:\/\/www.topparrangement.no\/wp-content\/uploads\/2026\/04\/Eventbyra-catering-10x12.jpg 10w\" width=\"774\" height=\"966\" \/>\n\t\t\t\t\t\t\t\t\t\t\t\t\t<\/figure>\n\t\t\t\t\t\t<figure>\n\t\t\t\t\t\t\t<img decoding=\"async\" src=\"https:\/\/www.topparrangement.no\/wp-content\/uploads\/2026\/04\/firmafest-eventbyra.jpg\" alt=\"\" srcset=\"https:\/\/www.topparrangement.no\/wp-content\/uploads\/2026\/04\/firmafest-eventbyra.jpg 637w, https:\/\/www.topparrangement.no\/wp-content\/uploads\/2026\/04\/firmafest-eventbyra-244x300.jpg 244w, https:\/\/www.topparrangement.no\/wp-content\/uploads\/2026\/04\/firmafest-eventbyra-10x12.jpg 10w\" width=\"637\" height=\"784\" \/>\n\t\t\t\t\t\t\t\t\t\t\t\t\t<\/figure>\n\t\t\t\t\t\t<figure>\n\t\t\t\t\t\t\t<img decoding=\"async\" src=\"https:\/\/www.topparrangement.no\/wp-content\/uploads\/2026\/04\/Inger-Lise-Hope-789x1024.png\" alt=\"\" srcset=\"https:\/\/www.topparrangement.no\/wp-content\/uploads\/2026\/04\/Inger-Lise-Hope-789x1024.png 789w, https:\/\/www.topparrangement.no\/wp-content\/uploads\/2026\/04\/Inger-Lise-Hope-231x300.png 231w, https:\/\/www.topparrangement.no\/wp-content\/uploads\/2026\/04\/Inger-Lise-Hope-1183x1536.png 1183w, https:\/\/www.topparrangement.no\/wp-content\/uploads\/2026\/04\/Inger-Lise-Hope-9x12.png 9w, https:\/\/www.topparrangement.no\/wp-content\/uploads\/2026\/04\/Inger-Lise-Hope.png 1406w\" width=\"789\" height=\"1024\" \/>\n\t\t\t\t\t\t\t\t\t\t\t\t\t<\/figure>\n\t\t\t\t\t\t<figure>\n\t\t\t\t\t\t\t<img decoding=\"async\" src=\"https:\/\/www.topparrangement.no\/wp-content\/uploads\/2026\/04\/Kameramann-event.jpg\" alt=\"\" srcset=\"https:\/\/www.topparrangement.no\/wp-content\/uploads\/2026\/04\/Kameramann-event.jpg 808w, https:\/\/www.topparrangement.no\/wp-content\/uploads\/2026\/04\/Kameramann-event-242x300.jpg 242w, https:\/\/www.topparrangement.no\/wp-content\/uploads\/2026\/04\/Kameramann-event-10x12.jpg 10w\" width=\"808\" height=\"1002\" \/>\n\t\t\t\t\t\t\t\t\t\t\t\t\t<\/figure>\n\t\t\t\t\t\t<figure>\n\t\t\t\t\t\t\t<img decoding=\"async\" src=\"https:\/\/www.topparrangement.no\/wp-content\/uploads\/2026\/04\/Olaf-Tufte-foredrag.jpg\" alt=\"\" srcset=\"https:\/\/www.topparrangement.no\/wp-content\/uploads\/2026\/04\/Olaf-Tufte-foredrag.jpg 625w, https:\/\/www.topparrangement.no\/wp-content\/uploads\/2026\/04\/Olaf-Tufte-foredrag-241x300.jpg 241w, https:\/\/www.topparrangement.no\/wp-content\/uploads\/2026\/04\/Olaf-Tufte-foredrag-10x12.jpg 10w\" width=\"625\" height=\"777\" \/>\n\t\t\t\t\t\t\t\t\t\t\t\t\t<\/figure>\n\t\t\t\t\t\t<figure>\n\t\t\t\t\t\t\t<img decoding=\"async\" src=\"https:\/\/www.topparrangement.no\/wp-content\/uploads\/2026\/04\/Firmafest.jpg\" alt=\"\" srcset=\"https:\/\/www.topparrangement.no\/wp-content\/uploads\/2026\/04\/Firmafest.jpg 735w, https:\/\/www.topparrangement.no\/wp-content\/uploads\/2026\/04\/Firmafest-241x300.jpg 241w, https:\/\/www.topparrangement.no\/wp-content\/uploads\/2026\/04\/Firmafest-10x12.jpg 10w\" width=\"735\" height=\"915\" \/>\n\t\t\t\t\t\t\t\t\t\t\t\t\t<\/figure>\n\t\t\t\t\t\t<figure>\n\t\t\t\t\t\t\t<img decoding=\"async\" src=\"https:\/\/www.topparrangement.no\/wp-content\/uploads\/2026\/04\/FAS0914-683x1024.jpg\" alt=\"\" srcset=\"https:\/\/www.topparrangement.no\/wp-content\/uploads\/2026\/04\/FAS0914-683x1024.jpg 683w, https:\/\/www.topparrangement.no\/wp-content\/uploads\/2026\/04\/FAS0914-200x300.jpg 200w, https:\/\/www.topparrangement.no\/wp-content\/uploads\/2026\/04\/FAS0914-1025x1536.jpg 1025w, https:\/\/www.topparrangement.no\/wp-content\/uploads\/2026\/04\/FAS0914-8x12.jpg 8w, https:\/\/www.topparrangement.no\/wp-content\/uploads\/2026\/04\/FAS0914.jpg 1201w\" width=\"683\" height=\"1024\" \/>\n\t\t\t\t\t\t\t\t\t\t\t\t\t<\/figure>\n\t\t\t\t\t\t<figure>\n\t\t\t\t\t\t\t<img decoding=\"async\" src=\"https:\/\/www.topparrangement.no\/wp-content\/uploads\/2026\/04\/Kongefamilien.jpg\" alt=\"\" srcset=\"https:\/\/www.topparrangement.no\/wp-content\/uploads\/2026\/04\/Kongefamilien.jpg 589w, https:\/\/www.topparrangement.no\/wp-content\/uploads\/2026\/04\/Kongefamilien-250x300.jpg 250w, https:\/\/www.topparrangement.no\/wp-content\/uploads\/2026\/04\/Kongefamilien-10x12.jpg 10w\" width=\"589\" height=\"706\" \/>\n\t\t\t\t\t\t\t\t\t\t\t\t\t<\/figure>\n\t\t\t\t\t\t<figure>\n\t\t\t\t\t\t\t<img decoding=\"async\" src=\"https:\/\/www.topparrangement.no\/wp-content\/uploads\/2026\/04\/Foaje-event.jpg\" alt=\"\" srcset=\"https:\/\/www.topparrangement.no\/wp-content\/uploads\/2026\/04\/Foaje-event.jpg 756w, https:\/\/www.topparrangement.no\/wp-content\/uploads\/2026\/04\/Foaje-event-232x300.jpg 232w, https:\/\/www.topparrangement.no\/wp-content\/uploads\/2026\/04\/Foaje-event-9x12.jpg 9w\" width=\"756\" height=\"976\" \/>\n\t\t\t\t\t\t\t\t\t\t\t\t\t<\/figure>\n\t\t\t\t\t\t<figure>\n\t\t\t\t\t\t\t<img decoding=\"async\" src=\"https:\/\/www.topparrangement.no\/wp-content\/uploads\/2026\/04\/Telt-firmafest.jpg\" alt=\"\" srcset=\"https:\/\/www.topparrangement.no\/wp-content\/uploads\/2026\/04\/Telt-firmafest.jpg 798w, https:\/\/www.topparrangement.no\/wp-content\/uploads\/2026\/04\/Telt-firmafest-248x300.jpg 248w, https:\/\/www.topparrangement.no\/wp-content\/uploads\/2026\/04\/Telt-firmafest-10x12.jpg 10w\" width=\"798\" height=\"967\" \/>\n\t\t\t\t\t\t\t\t\t\t\t\t\t<\/figure>\n\t\t\t\t\t\t<figure>\n\t\t\t\t\t\t\t<img decoding=\"async\" src=\"https:\/\/www.topparrangement.no\/wp-content\/uploads\/2026\/04\/Julebord-event.jpg\" alt=\"\" srcset=\"https:\/\/www.topparrangement.no\/wp-content\/uploads\/2026\/04\/Julebord-event.jpg 754w, https:\/\/www.topparrangement.no\/wp-content\/uploads\/2026\/04\/Julebord-event-238x300.jpg 238w, https:\/\/www.topparrangement.no\/wp-content\/uploads\/2026\/04\/Julebord-event-10x12.jpg 10w\" width=\"754\" height=\"952\" \/>\n\t\t\t\t\t\t\t\t\t\t\t\t\t<\/figure>\n\t\t\t\t\t\t<figure>\n\t\t\t\t\t\t\t<img decoding=\"async\" src=\"https:\/\/www.topparrangement.no\/wp-content\/uploads\/2026\/04\/Konferanse.jpg\" alt=\"\" srcset=\"https:\/\/www.topparrangement.no\/wp-content\/uploads\/2026\/04\/Konferanse.jpg 667w, https:\/\/www.topparrangement.no\/wp-content\/uploads\/2026\/04\/Konferanse-243x300.jpg 243w, https:\/\/www.topparrangement.no\/wp-content\/uploads\/2026\/04\/Konferanse-10x12.jpg 10w\" width=\"667\" height=\"823\" \/>\n\t\t\t\t\t\t\t\t\t\t\t\t\t<\/figure>\n\t\t\t\t\t\t<figure>\n\t\t\t\t\t\t\t<img decoding=\"async\" src=\"https:\/\/www.topparrangement.no\/wp-content\/uploads\/2026\/04\/Torget-i-Stavanger.jpg\" alt=\"\" srcset=\"https:\/\/www.topparrangement.no\/wp-content\/uploads\/2026\/04\/Torget-i-Stavanger.jpg 712w, https:\/\/www.topparrangement.no\/wp-content\/uploads\/2026\/04\/Torget-i-Stavanger-239x300.jpg 239w, https:\/\/www.topparrangement.no\/wp-content\/uploads\/2026\/04\/Torget-i-Stavanger-10x12.jpg 10w\" width=\"712\" height=\"894\" \/>\n\t\t\t\t\t\t\t\t\t\t\t\t\t<\/figure>\n\t\t\t\t\t\t<figure>\n\t\t\t\t\t\t\t<img decoding=\"async\" src=\"https:\/\/www.topparrangement.no\/wp-content\/uploads\/2026\/04\/Lagerapning.jpg\" alt=\"\" srcset=\"https:\/\/www.topparrangement.no\/wp-content\/uploads\/2026\/04\/Lagerapning.jpg 700w, https:\/\/www.topparrangement.no\/wp-content\/uploads\/2026\/04\/Lagerapning-258x300.jpg 258w, https:\/\/www.topparrangement.no\/wp-content\/uploads\/2026\/04\/Lagerapning-10x12.jpg 10w\" width=\"700\" height=\"814\" \/>\n\t\t\t\t\t\t\t\t\t\t\t\t\t<\/figure>\n\t\t\t\t\t\t<figure>\n\t\t\t\t\t\t\t<img decoding=\"async\" src=\"https:\/\/www.topparrangement.no\/wp-content\/uploads\/2026\/04\/Teltfest.jpg\" alt=\"\" srcset=\"https:\/\/www.topparrangement.no\/wp-content\/uploads\/2026\/04\/Teltfest.jpg 778w, https:\/\/www.topparrangement.no\/wp-content\/uploads\/2026\/04\/Teltfest-240x300.jpg 240w, https:\/\/www.topparrangement.no\/wp-content\/uploads\/2026\/04\/Teltfest-10x12.jpg 10w\" width=\"778\" height=\"973\" \/>\n\t\t\t\t\t\t\t\t\t\t\t\t\t<\/figure>\n\t\t\t\t\t<!-- navigation arrows -->\n\t\t<button aria-label=\"Previous slide\" role=\"button\" tabindex=\"0\">\n\t\t\t\t\t<\/button>\n\t\t<button aria-label=\"Next slide\" role=\"button\" tabindex=\"0\">\n\t\t\t\t\t<\/button>\n\t\t\t<h3>Send Foresp\u00f8rsel<\/h3>\n    <form id=\"wpforms-form-9135\" data-formid=\"9135\" method=\"post\" enctype=\"multipart\/form-data\" action=\"\/?fl_builder\" data-token=\"f8f009bddb9de116f5b04b39c51d281b\" data-token-time=\"1777278694\">Please enable JavaScript in your browser to complete this form.<label for=\"wpforms-9135-field_6\">Navn *<\/label><input type=\"text\" id=\"wpforms-9135-field_6\" name=\"wpforms[fields][6]\" placeholder=\"Ditt navn\" required\/><label for=\"wpforms-9135-field_2\">E-post *<\/label><input type=\"email\" id=\"wpforms-9135-field_2\" name=\"wpforms[fields][2]\" placeholder=\"Deres e-post\" spellcheck=\"false\" required\/><label for=\"wpforms-9135-field_3\">Telefon  *<\/label><input type=\"number\" id=\"wpforms-9135-field_3\" name=\"wpforms[fields][3]\" placeholder=\"Ditt telefonnummer\" step=\"any\" required\/><label for=\"wpforms-9135-field_1\">Firma \/ avdeling<\/label><input type=\"text\" id=\"wpforms-9135-field_1\" name=\"wpforms[fields][1]\" placeholder=\"Skriv inn hvilket firma \/ avdeling det gjelder\"\/><label for=\"wpforms-9135-field_5\">Dato \/ sted<\/label><input type=\"text\" id=\"wpforms-9135-field_5\" name=\"wpforms[fields][5]\" placeholder=\"Fyll ut tid og sted for arragmenet\"\/><label for=\"wpforms-9135-field_7\">Melding<\/label><textarea id=\"wpforms-9135-field_7\" name=\"wpforms[fields][7]\" placeholder=\"Hva kan vi hjelpe deg med?\"><\/textarea><!-- .wpforms-field-container --><input type=\"hidden\" name=\"wpforms[recaptcha]\" value=\"\"\/><input type=\"hidden\" name=\"wpforms[id]\" value=\"9135\"\/>\t\t\t<input type=\"hidden\"\n\t\t\t\tname=\"wpforms[nonce]\"\n\t\t\t\tvalue=\"8ef668f3a2\"\n\t\t\t\/>\n\t\t\t<input type=\"hidden\" name=\"page_title\" value=\"Topp Arrangement\"\/><input type=\"hidden\" name=\"page_url\" value=\"https:\/\/www.topparrangement.no\/?fl_builder\"\/><input type=\"hidden\" name=\"url_referer\" value=\"\"\/><input type=\"hidden\" name=\"page_id\" value=\"6079\"\/><input type=\"hidden\" name=\"wpforms[post_id]\" value=\"6079\"\/><button type=\"submit\" name=\"wpforms[submit]\" id=\"wpforms-submit-9135\" data-alt-text=\"Sender...\" data-submit-text=\"Send\" aria-live=\"assertive\" value=\"wpforms-submit\">Send<\/button><\/form>  <!-- .wpforms-container -->\n<h2>\n\t\t\tNoen av v\u00e5re kunder\t<\/h2>\n\t<p>N\u00e5r du samarbeider med oss, kan du senke skuldrene. Vi s\u00f8rger for at m\u00f8ter, konferanser og firmafester gjennomf\u00f8res s\u00f8ml\u00f8st.<\/p>\n\t\t\t\t\t\t<img decoding=\"async\" src=\"https:\/\/www.topparrangement.no\/wp-content\/uploads\/2019\/08\/schlumberger.png\" alt=\"Schlumberger\" data-no-lazy=\"1\" \/>\t\t\t\t\t\n                            <p>Schlumberger<\/p>\n\t\t\t\t\t\t<img decoding=\"async\" src=\"https:\/\/www.topparrangement.no\/wp-content\/uploads\/2026\/01\/Rog-fylkeskoimmune.png\" alt=\"Rogaland Fylkeskommune\" data-no-lazy=\"1\" \/>\t\t\t\t\t\n                            <p>Rogaland Fylkeskommune<\/p>\n\t\t\t\t\t\t<img decoding=\"async\" src=\"https:\/\/www.topparrangement.no\/wp-content\/uploads\/2026\/01\/Haugsuns-Sparebank.png\" alt=\"Haugesund Sparebank\" data-no-lazy=\"1\" \/>\t\t\t\t\t\n                            <p>Haugesund Sparebank<\/p>\n\t\t\t\t\t\t<img decoding=\"async\" src=\"https:\/\/www.topparrangement.no\/wp-content\/uploads\/2019\/08\/dnb.png\" alt=\"DNB\" data-no-lazy=\"1\" \/>\t\t\t\t\t\n                            <p>DNB<\/p>\n\t\t\t\t\t\t<img decoding=\"async\" src=\"https:\/\/www.topparrangement.no\/wp-content\/uploads\/2019\/08\/conocophillips.png\" alt=\"ConocoPhilips\" data-no-lazy=\"1\" \/>\t\t\t\t\t\n                            <p>ConocoPhilips<\/p>\n\t\t\t\t\t\t<img decoding=\"async\" src=\"https:\/\/www.topparrangement.no\/wp-content\/uploads\/2019\/08\/archer.png\" alt=\"Archer\" data-no-lazy=\"1\" \/>\t\t\t\t\t\n                            <p>Archer<\/p>\n\t\t\t\t\t\t<img decoding=\"async\" src=\"https:\/\/www.topparrangement.no\/wp-content\/uploads\/2026\/01\/Stavanger-Kommune.png\" alt=\"Stavanger Kommune\" data-no-lazy=\"1\" \/>\t\t\t\t\t\n                            <p>Stavanger Kommune<\/p>\n\t\t\t\t\t\t<img decoding=\"async\" src=\"https:\/\/www.topparrangement.no\/wp-content\/uploads\/2019\/08\/aibel.png\" alt=\"Aibel\" data-no-lazy=\"1\" \/>\t\t\t\t\t\n                            <p>Aibel<\/p>\n\t\t\t\t\t\t<img decoding=\"async\" src=\"https:\/\/www.topparrangement.no\/wp-content\/uploads\/2026\/01\/Harbour_Energy_Logo.svg.png\" alt=\"Harbor Energy\" data-no-lazy=\"1\" \/>\t\t\t\t\t\n                            <p>Harbor Energy<\/p>\n\t\t\t\t\t\t<img decoding=\"async\" src=\"https:\/\/www.topparrangement.no\/wp-content\/uploads\/2026\/01\/Strawberry_Logotype_Primary_Black_RGB.png\" alt=\"Strawberry\" data-no-lazy=\"1\" \/>\t\t\t\t\t\n                            <p>Strawberry<\/p>\n\t\t\t\t\t\t<img decoding=\"async\" src=\"https:\/\/www.topparrangement.no\/wp-content\/uploads\/2026\/01\/Santander-logo-stacked.png\" alt=\"Santander\" data-no-lazy=\"1\" \/>\t\t\t\t\t\n                            <p>Santander<\/p>\n\t\t\t\t\t\t<img decoding=\"async\" src=\"https:\/\/www.topparrangement.no\/wp-content\/uploads\/2026\/01\/Transocean_logo.svg.png\" alt=\"Transocean\" data-no-lazy=\"1\" \/>\t\t\t\t\t\n                            <p>Transocean<\/p>\n\t\t\t\t\t\t<img decoding=\"async\" src=\"https:\/\/www.topparrangement.no\/wp-content\/uploads\/2026\/01\/Beerenberg-AS_large.png\" alt=\"Beerenberg\" data-no-lazy=\"1\" \/>\t\t\t\t\t\n                            <p>Beerenberg<\/p>\n\t\t\t\t\t\t<img decoding=\"async\" src=\"https:\/\/www.topparrangement.no\/wp-content\/uploads\/2019\/08\/apply.png\" alt=\"Apply\" data-no-lazy=\"1\" \/>\t\t\t\t\t\n                            <p>Apply<\/p>\n\t\t\t\t\t\t<img decoding=\"async\" src=\"https:\/\/www.topparrangement.no\/wp-content\/uploads\/2019\/08\/orlandtransport.png\" alt=\"\u00d8rland Transport\" data-no-lazy=\"1\" \/>\t\t\t\t\t\n                            <p>\u00d8rland Transport<\/p>\n\t\t\t\t\t\t<img decoding=\"async\" src=\"https:\/\/www.topparrangement.no\/wp-content\/uploads\/2019\/08\/amfi.png\" alt=\"Amfi\" data-no-lazy=\"1\" \/>\t\t\t\t\t\n                            <p>Amfi<\/p>\n\t\t\t\t\t\t<img decoding=\"async\" src=\"https:\/\/www.topparrangement.no\/wp-content\/uploads\/2026\/01\/RISA_rgb_farge.png\" alt=\"Risa\" data-no-lazy=\"1\" \/>\t\t\t\t\t\n                            <p>Risa<\/p>\n\t\t\t\t\t\t<img decoding=\"async\" src=\"https:\/\/www.topparrangement.no\/wp-content\/uploads\/2026\/01\/images.jpeg\" alt=\"Sval Energi \" data-no-lazy=\"1\" \/>\t\t\t\t\t\n                            <p>Sval Energi <\/p>\n<p>\u00c5 skape begeistring som varer lenge, kan v\u00e6re et godt utgangspunkt for en kick-off, et kundetreff, en firmafest eller lignende.<\/p>\n\n","protected":false},"excerpt":{"rendered":"<p>Eventbyr\u00e5et Topp Arrangement Store ting skjer der mennesker m\u00f8tes Kontakt oss Vi er et fullservice eventbyr\u00e5 som produserer og leverer innhold til sosiale og faglige arrangement i alle st\u00f8rrelser Event Sosiale arrangement Teambuilding Kundekveld Event p\u00e5 eget Bygg Artistformidling Komikere Artister Dinnershow Band, trubadur &amp; DJ Konferanse Total produksjon Prosjektledelse Kickoff Foredrag, kurs &amp; workshop&hellip;<\/p>","protected":false},"author":1,"featured_media":5617,"parent":0,"menu_order":61,"comment_status":"closed","ping_status":"closed","template":"","meta":{"_acf_changed":false,"footnotes":""},"class_list":["post-6079","page","type-page","status-publish","has-post-thumbnail","hentry"],"acf":[],"_links":{"self":[{"href":"https:\/\/www.topparrangement.no\/en\/wp-json\/wp\/v2\/pages\/6079","targetHints":{"allow":["GET"]}}],"collection":[{"href":"https:\/\/www.topparrangement.no\/en\/wp-json\/wp\/v2\/pages"}],"about":[{"href":"https:\/\/www.topparrangement.no\/en\/wp-json\/wp\/v2\/types\/page"}],"author":[{"embeddable":true,"href":"https:\/\/www.topparrangement.no\/en\/wp-json\/wp\/v2\/users\/1"}],"replies":[{"embeddable":true,"href":"https:\/\/www.topparrangement.no\/en\/wp-json\/wp\/v2\/comments?post=6079"}],"version-history":[{"count":16,"href":"https:\/\/www.topparrangement.no\/en\/wp-json\/wp\/v2\/pages\/6079\/revisions"}],"predecessor-version":[{"id":14101,"href":"https:\/\/www.topparrangement.no\/en\/wp-json\/wp\/v2\/pages\/6079\/revisions\/14101"}],"wp:featuredmedia":[{"embeddable":true,"href":"https:\/\/www.topparrangement.no\/en\/wp-json\/wp\/v2\/media\/5617"}],"wp:attachment":[{"href":"https:\/\/www.topparrangement.no\/en\/wp-json\/wp\/v2\/media?parent=6079"}],"curies":[{"name":"wp","href":"https:\/\/api.w.org\/{rel}","templated":true}]}}