{"id":5834,"date":"2020-01-12T17:33:39","date_gmt":"2020-01-12T16:33:39","guid":{"rendered":"https:\/\/www-topparrangement.wp2.hcweb.dev\/?page_id=5834"},"modified":"2026-04-27T13:14:51","modified_gmt":"2026-04-27T11:14:51","slug":"konferanse","status":"publish","type":"page","link":"https:\/\/www.topparrangement.no\/en\/konferanse\/","title":{"rendered":"Conference"},"content":{"rendered":"\n<h1>\n\t\t\tSkap konferanser som inspirerer og engasjerer\t<\/h1>\n\t\t\t<a href=\"#kontakt\"  target=\"_self\">\n\t\t\t\t\t\t\tStart din planlegging\n\t\t\t\t\t<\/a>\n<h2>\n\t\t\tPlanlegger dere en konferanse? <br \/>Vi h\u00e5ndterer det praktiske f\u00f8r og under konferansen\t<\/h2>\n<h2>\n\t\t\tV\u00e5re tjenester\t<\/h2>\n\t<p>Vi tar totalansvaret for din konferanse. Vi fikser alt fra lokaler og teknikk til inspirerende talere og topp underholdning. Med oss f\u00e5r du struktur, flyt og en trygg gjennomf\u00f8ring fra start til slutt.<\/p>\n<h2>\n\t\t\tKlar for deres neste konferanse?\t<\/h2>\n\t<p>Bruk kontaktskjema eller ta kontakt p\u00e5 <a href=\"mailto:post@topparrangement.no\">post@topparrangement.no<\/a> eller <a href=\"tel:90 50 14 18\">90 50 14 18<\/a> for et uforpliktende tilbud.<\/p>\n\t\t\t<h3>Send Foresp\u00f8rsel<\/h3>\n    <form id=\"wpforms-form-14107\" data-formid=\"14107\" method=\"post\" enctype=\"multipart\/form-data\" action=\"\/?page_id=5834&#038;fl_builder\" data-token=\"0a0b27964974d32206ad18db7a728005\" data-token-time=\"1777288491\">Please enable JavaScript in your browser to complete this form.<label for=\"wpforms-14107-field_6\">Navn *<\/label><input type=\"text\" id=\"wpforms-14107-field_6\" name=\"wpforms[fields][6]\" placeholder=\"Ditt navn\" required\/><label for=\"wpforms-14107-field_1\">Firma \/ avdeling<\/label><input type=\"text\" id=\"wpforms-14107-field_1\" name=\"wpforms[fields][1]\" placeholder=\"Skriv inn hvilket firma \/ avdeling det gjelder\"\/><label for=\"wpforms-14107-field_2\">E-post *<\/label><input type=\"email\" id=\"wpforms-14107-field_2\" name=\"wpforms[fields][2]\" placeholder=\"Deres e-post\" spellcheck=\"false\" required\/><label for=\"wpforms-14107-field_3\">Telefon  *<\/label><input type=\"number\" id=\"wpforms-14107-field_3\" name=\"wpforms[fields][3]\" placeholder=\"Ditt telefonnummer\" step=\"any\" required\/><label for=\"wpforms-14107-field_5\">Dato \/ sted<\/label><input type=\"text\" id=\"wpforms-14107-field_5\" name=\"wpforms[fields][5]\" placeholder=\"Fyll ut tid og sted for arragmenet\"\/><label for=\"wpforms-14107-field_7\">Melding<\/label><textarea id=\"wpforms-14107-field_7\" name=\"wpforms[fields][7]\" placeholder=\"Hva kan vi hjelpe deg med?\"><\/textarea><!-- .wpforms-field-container --><input type=\"hidden\" name=\"wpforms[recaptcha]\" value=\"\"\/><input type=\"hidden\" name=\"wpforms[id]\" value=\"14107\"\/>\t\t\t<input type=\"hidden\"\n\t\t\t\tname=\"wpforms[nonce]\"\n\t\t\t\tvalue=\"3f6f620b4e\"\n\t\t\t\/>\n\t\t\t<input type=\"hidden\" name=\"page_title\" value=\"Konferanse\"\/><input type=\"hidden\" name=\"page_url\" value=\"https:\/\/www.topparrangement.no\/?page_id=5834&#038;fl_builder\"\/><input type=\"hidden\" name=\"url_referer\" value=\"\"\/><input type=\"hidden\" name=\"page_id\" value=\"5834\"\/><input type=\"hidden\" name=\"wpforms[post_id]\" value=\"5834\"\/><button type=\"submit\" name=\"wpforms[submit]\" id=\"wpforms-submit-14107\" data-alt-text=\"Sender...\" data-submit-text=\"Send\" aria-live=\"assertive\" value=\"wpforms-submit\">Send<\/button><\/form>  <!-- .wpforms-container -->\n\t\t<!-- Comment to fix spacing issue\n\t-->\n\t\t<p>0+<\/p>Forn\u00f8yde gjester\n\t<!-- Comment to fix spacing issue\n\t-->\t\n\t\t<!-- Comment to fix spacing issue\n\t-->\n\t\t<p>0+<\/p>\u00c5rs erfaring\n\t<!-- Comment to fix spacing issue\n\t-->\t\n\t\t<!-- Comment to fix spacing issue\n\t-->\n\t\t<p>0+<\/p>Artister og komikere\n\t<!-- Comment to fix spacing issue\n\t-->\t\n\t\t<!-- Comment to fix spacing issue\n\t-->\n\t\t<p>0+<\/p>Kj\u00f8replaner utarbeidet\n\t<!-- Comment to fix spacing issue\n\t-->\t\n\t<h3>\n\t\t\t\t\tFelles\n\t\t\t\tPreview text\t\t\t\n\t\t\t<\/h3>\n\t<p>Vi hjelper bedrifter med \u00e5 produsere effektive og engasjerende konferanser. Alt skreddersys etter m\u00e5lgruppe, budskap og effekt.<\/p>\n\n","protected":false},"excerpt":{"rendered":"<p>Skap konferanser som inspirerer og engasjerer Start din planlegging Planlegger dere en konferanse? Vi h\u00e5ndterer det praktiske f\u00f8r og under konferansen V\u00e5re tjenester Vi tar totalansvaret for din konferanse. Vi fikser alt fra lokaler og teknikk til inspirerende talere og topp underholdning. Med oss f\u00e5r du struktur, flyt og en trygg gjennomf\u00f8ring fra start til&hellip;<\/p>","protected":false},"author":3,"featured_media":13307,"parent":0,"menu_order":38,"comment_status":"closed","ping_status":"closed","template":"","meta":{"_acf_changed":false,"footnotes":""},"class_list":["post-5834","page","type-page","status-publish","has-post-thumbnail","hentry"],"acf":[],"_links":{"self":[{"href":"https:\/\/www.topparrangement.no\/en\/wp-json\/wp\/v2\/pages\/5834","targetHints":{"allow":["GET"]}}],"collection":[{"href":"https:\/\/www.topparrangement.no\/en\/wp-json\/wp\/v2\/pages"}],"about":[{"href":"https:\/\/www.topparrangement.no\/en\/wp-json\/wp\/v2\/types\/page"}],"author":[{"embeddable":true,"href":"https:\/\/www.topparrangement.no\/en\/wp-json\/wp\/v2\/users\/3"}],"replies":[{"embeddable":true,"href":"https:\/\/www.topparrangement.no\/en\/wp-json\/wp\/v2\/comments?post=5834"}],"version-history":[{"count":16,"href":"https:\/\/www.topparrangement.no\/en\/wp-json\/wp\/v2\/pages\/5834\/revisions"}],"predecessor-version":[{"id":14131,"href":"https:\/\/www.topparrangement.no\/en\/wp-json\/wp\/v2\/pages\/5834\/revisions\/14131"}],"wp:featuredmedia":[{"embeddable":true,"href":"https:\/\/www.topparrangement.no\/en\/wp-json\/wp\/v2\/media\/13307"}],"wp:attachment":[{"href":"https:\/\/www.topparrangement.no\/en\/wp-json\/wp\/v2\/media?parent=5834"}],"curies":[{"name":"wp","href":"https:\/\/api.w.org\/{rel}","templated":true}]}}