{"id":4985,"date":"2019-10-22T12:18:27","date_gmt":"2019-10-22T10:18:27","guid":{"rendered":"https:\/\/www-topparrangement.wp2.hcweb.dev\/?page_id=4985"},"modified":"2026-04-27T13:17:39","modified_gmt":"2026-04-27T11:17:39","slug":"event","status":"publish","type":"page","link":"https:\/\/www.topparrangement.no\/en\/event\/","title":{"rendered":"Event"},"content":{"rendered":"\n<h1>\n\t\t\tSkap uforglemmelige events\t<\/h1>\n\t\t\t<a href=\"#kontakt\"  target=\"_self\">\n\t\t\t\t\t\t\tStart din planlegging\n\t\t\t\t\t<\/a>\n<h2>\n\t\t\tPlanlegger dere et arrangement? Som eventbyr\u00e5 h\u00e5ndterer vi alle detaljer f\u00f8r og under arrangementet\t<\/h2>\n<h2>\n\t\t\tV\u00e5re tjenester\t<\/h2>\n\t<p>Vi skreddersyr alt fra jubileer til sommerfester og teambuilding med de beste artistene, komikerne og foredragsholderne. Vi tar oss av alt det praktiske, fra booking av sted og underholdning til musikk og teknisk gjennomf\u00f8ring.\u00a0<\/p>\n<h2>\n\t\t\tKlar for deres neste event?\t<\/h2>\n\t<p>Bruk kontaktskjema eller ta kontakt p\u00e5 <a href=\"mailto:post@topparrangement.no\">post@topparrangement.no<\/a> eller <a href=\"tel:90 50 14 18\">90 50 14 18<\/a> for et uforpliktende tilbud.<\/p>\n\t\t\t<h3>Send Foresp\u00f8rsel<\/h3>\n    <form id=\"wpforms-form-14107\" data-formid=\"14107\" method=\"post\" enctype=\"multipart\/form-data\" action=\"\/?page_id=4985&#038;fl_builder\" data-token=\"0a0b27964974d32206ad18db7a728005\" data-token-time=\"1777288659\">Please enable JavaScript in your browser to complete this form.<label for=\"wpforms-14107-field_6\">Navn *<\/label><input type=\"text\" id=\"wpforms-14107-field_6\" name=\"wpforms[fields][6]\" placeholder=\"Ditt navn\" required\/><label for=\"wpforms-14107-field_1\">Firma \/ avdeling<\/label><input type=\"text\" id=\"wpforms-14107-field_1\" name=\"wpforms[fields][1]\" placeholder=\"Skriv inn hvilket firma \/ avdeling det gjelder\"\/><label for=\"wpforms-14107-field_2\">E-post *<\/label><input type=\"email\" id=\"wpforms-14107-field_2\" name=\"wpforms[fields][2]\" placeholder=\"Deres e-post\" spellcheck=\"false\" required\/><label for=\"wpforms-14107-field_3\">Telefon  *<\/label><input type=\"number\" id=\"wpforms-14107-field_3\" name=\"wpforms[fields][3]\" placeholder=\"Ditt telefonnummer\" step=\"any\" required\/><label for=\"wpforms-14107-field_5\">Dato \/ sted<\/label><input type=\"text\" id=\"wpforms-14107-field_5\" name=\"wpforms[fields][5]\" placeholder=\"Fyll ut tid og sted for arragmenet\"\/><label for=\"wpforms-14107-field_7\">Melding<\/label><textarea id=\"wpforms-14107-field_7\" name=\"wpforms[fields][7]\" placeholder=\"Hva kan vi hjelpe deg med?\"><\/textarea><!-- .wpforms-field-container --><input type=\"hidden\" name=\"wpforms[recaptcha]\" value=\"\"\/><input type=\"hidden\" name=\"wpforms[id]\" value=\"14107\"\/>\t\t\t<input type=\"hidden\"\n\t\t\t\tname=\"wpforms[nonce]\"\n\t\t\t\tvalue=\"3f6f620b4e\"\n\t\t\t\/>\n\t\t\t<input type=\"hidden\" name=\"page_title\" value=\"Event\"\/><input type=\"hidden\" name=\"page_url\" value=\"https:\/\/www.topparrangement.no\/?page_id=4985&#038;fl_builder\"\/><input type=\"hidden\" name=\"url_referer\" value=\"\"\/><input type=\"hidden\" name=\"page_id\" value=\"4985\"\/><input type=\"hidden\" name=\"wpforms[post_id]\" value=\"4985\"\/><button type=\"submit\" name=\"wpforms[submit]\" id=\"wpforms-submit-14107\" data-alt-text=\"Sender...\" data-submit-text=\"Send\" aria-live=\"assertive\" value=\"wpforms-submit\">Send<\/button><\/form>  <!-- .wpforms-container -->\n\t\t<!-- Comment to fix spacing issue\n\t-->\n\t\t<p>0+<\/p>Forn\u00f8yde gjester\n\t<!-- Comment to fix spacing issue\n\t-->\t\n\t\t<!-- Comment to fix spacing issue\n\t-->\n\t\t<p>0+<\/p>\u00c5rs erfaring\n\t<!-- Comment to fix spacing issue\n\t-->\t\n\t\t<!-- Comment to fix spacing issue\n\t-->\n\t\t<p>0+<\/p>Artister og komikere\n\t<!-- Comment to fix spacing issue\n\t-->\t\n\t\t<!-- Comment to fix spacing issue\n\t-->\n\t\t<p>0+<\/p>Kj\u00f8replaner utarbeidet\n\t<!-- Comment to fix spacing issue\n\t-->\t\n\t<h3>\n\t\t\t\t\tFelles\n\t\t\t\tPreview text\t\t\t\n\t\t\t<\/h3>\n\t<p>Vi skaper minnerike og engasjerende opplevelser Med oss p\u00e5 laget er du sikret et profesjonelt, effektivt og minneverdig event fra start til slutt.<\/p>\n<figure itemscope itemtype=\"https:\/\/schema.org\/ImageObject\">\n\t\t\t\t<img decoding=\"async\" src=\"https:\/\/www.topparrangement.no\/wp-content\/uploads\/2026\/01\/event-prosjektledelse.png\" alt=\"event prosjektledelse\" height=\"976\" width=\"1485\" title=\"event prosjektledelse\" onerror=\"this.style.display='none'\" loading=\"lazy\" \/>\n\t<\/figure>\n\t<h4 data-start=\"365\" data-end=\"403\">Vi tilbyr blant annet:<\/h4>\n<ul>\n<li data-start=\"365\" data-end=\"403\">Forslag til hoteller og passende lokaliteter<\/li>\n<li data-start=\"365\" data-end=\"403\">Booking av komikere, artister og livemusikk<\/li>\n<li data-start=\"365\" data-end=\"403\">Skreddersydde konseptfroslag<\/li>\n<li data-start=\"365\" data-end=\"403\">Teknisk gjennomf\u00f8ring med lyd, lys, scene og crew<\/li>\n<li data-start=\"365\" data-end=\"403\">AV-l\u00f8sninger og profesjonell kamera produksjon<\/li>\n<li data-start=\"365\" data-end=\"403\">Detaljerte kj\u00f8replaner<\/li>\n<li data-start=\"365\" data-end=\"403\">Erfaren prosjektledere og dedikert crew<\/li>\n<\/ul>\n\n\n","protected":false},"excerpt":{"rendered":"<p>Skap uforglemmelige events Start din planlegging Planlegger dere et arrangement? Som eventbyr\u00e5 h\u00e5ndterer vi alle detaljer f\u00f8r og under arrangementet V\u00e5re tjenester Vi skreddersyr alt fra jubileer til sommerfester og teambuilding med de beste artistene, komikerne og foredragsholderne. Vi tar oss av alt det praktiske, fra booking av sted og underholdning til musikk og teknisk&hellip;<\/p>","protected":false},"author":1,"featured_media":12985,"parent":0,"menu_order":14,"comment_status":"closed","ping_status":"closed","template":"","meta":{"_acf_changed":false,"footnotes":""},"class_list":["post-4985","page","type-page","status-publish","has-post-thumbnail","hentry"],"acf":[],"_links":{"self":[{"href":"https:\/\/www.topparrangement.no\/en\/wp-json\/wp\/v2\/pages\/4985","targetHints":{"allow":["GET"]}}],"collection":[{"href":"https:\/\/www.topparrangement.no\/en\/wp-json\/wp\/v2\/pages"}],"about":[{"href":"https:\/\/www.topparrangement.no\/en\/wp-json\/wp\/v2\/types\/page"}],"author":[{"embeddable":true,"href":"https:\/\/www.topparrangement.no\/en\/wp-json\/wp\/v2\/users\/1"}],"replies":[{"embeddable":true,"href":"https:\/\/www.topparrangement.no\/en\/wp-json\/wp\/v2\/comments?post=4985"}],"version-history":[{"count":27,"href":"https:\/\/www.topparrangement.no\/en\/wp-json\/wp\/v2\/pages\/4985\/revisions"}],"predecessor-version":[{"id":14136,"href":"https:\/\/www.topparrangement.no\/en\/wp-json\/wp\/v2\/pages\/4985\/revisions\/14136"}],"wp:featuredmedia":[{"embeddable":true,"href":"https:\/\/www.topparrangement.no\/en\/wp-json\/wp\/v2\/media\/12985"}],"wp:attachment":[{"href":"https:\/\/www.topparrangement.no\/en\/wp-json\/wp\/v2\/media?parent=4985"}],"curies":[{"name":"wp","href":"https:\/\/api.w.org\/{rel}","templated":true}]}}